{"id":1564,"date":"2015-10-21T16:16:47","date_gmt":"2015-10-21T14:16:47","guid":{"rendered":"http:\/\/magdeburg-law.com\/de\/?page_id=1564"},"modified":"2022-04-25T15:42:25","modified_gmt":"2022-04-25T13:42:25","slug":"impressum","status":"publish","type":"page","link":"https:\/\/magdeburg-law.com\/de\/magdeburger-recht\/impressum\/","title":{"rendered":"Impressum"},"content":{"rendered":"<p><strong>VERANTWORTUNG<\/strong><\/p>\n<p>Zentrum f\u00fcr Mittelalterausstellungen e.V.<br \/>\nam Kulturhistorischen Museum Magdeburg<br \/>\nOtto-von-Guericke-Str. 68-73<br \/>\n39104 Magdeburg<br \/>\nDeutschland<\/p>\n<p>Telefon: +49 (0)391 540 35 81<br \/>\nFax: +49 (0)391 540 35 10<\/p>\n<p>e-Mail: info(at)mittelalterausstellungen.de<\/p>\n<p>Vorstandsvorsitzende:<br \/>\nProf. Dr. Stephan Freund<br \/>\nDr. Gabriele K\u00f6ster<\/p>\n<p>Registergericht: Amtsgericht Stendal, VR 6074<\/p>\n<p><strong>Redaktion &amp; Fotoauswahl:<\/strong><br \/>\nZentrum f\u00fcr Mittelalterausstellungen<\/p>\n<p><strong>Texte:<\/strong><br \/>\nsoweit nicht anders vermerkt:<br \/>\nPhilipp Schwarz M.A.<br \/>\nDr. Christina Link<\/p>\n<p><strong>\u00dcbersetzung:<\/strong><br \/>\nKrister G. E. Johnson. M.A.<br \/>\nDr. Katherine Ebisch-Burton (St\u00e4dteportr\u00e4ts)<\/p>\n<p><strong>Webseite:<\/strong><br \/>\nGestalterische Konzeption, Webdesign und Realisierung: <a href=\"http:\/\/coggy.de\/webdesign\" target=\"_blank\" rel=\"noopener noreferrer\">COGGY Kommunikation<\/a><\/p>\n<p><strong>COPYRIGHT<\/strong><\/p>\n<p>\u00a9 Zentrum f\u00fcr Mittelalterausstellungen. Alle Rechte vorbehalten. Insbesondere bed\u00fcrfen Nachdruck, Aufnahme in Online-Dienste und Internet oder Vervielf\u00e4ltigung auf Datentr\u00e4gern wie CD-ROM, DVD-ROM, Datenstick etc. der vorherigen schriftlichen Zustimmung der Verantwortlichen.<\/p>\n<p><strong>HAFTUNG<\/strong><\/p>\n<p>Trotz sorgf\u00e4ltiger inhaltlicher Kontrolle \u00fcbernehmen wir keine Haftung f\u00fcr die Inhalte externer Links. F\u00fcr den Inhalt der verlinkten Seiten sind ausschlie\u00dflich deren Betreiber verantwortlich.<\/p>\n<p>&nbsp;<\/p>\n<p>&nbsp;<\/p>\n","protected":false},"excerpt":{"rendered":"VERANTWORTUNG Zentrum f\u00fcr Mittelalterausstellungen e.V. am Kulturhistorischen Museum Magdeburg Otto-von-Guericke-Str. 68-73 39104 Magdeburg Deutschland Telefon: +49 (0)391 540 35 81 Fax: +49 (0)391 540 35 10 e-Mail: info(at)mittelalterausstellungen.de Vorstandsvorsitzende: Prof. Dr. Stephan Freund Dr. Gabriele K\u00f6ster Registergericht: Amtsgericht Stendal, VR 6074 Redaktion &amp; Fotoauswahl: Zentrum f\u00fcr Mittelalterausstellungen Texte: soweit nicht anders vermerkt: Philipp Schwarz M.A&#8230;. <a class=\"more\" href=\"https:\/\/magdeburg-law.com\/de\/magdeburger-recht\/impressum\/\">Weiterlesen<\/a>","protected":false},"author":1,"featured_media":0,"parent":0,"menu_order":0,"comment_status":"closed","ping_status":"closed","template":"","meta":{"footnotes":""},"class_list":["post-1564","page","type-page","status-publish","hentry"],"_links":{"self":[{"href":"https:\/\/magdeburg-law.com\/de\/magdeburger-recht\/wp-json\/wp\/v2\/pages\/1564","targetHints":{"allow":["GET"]}}],"collection":[{"href":"https:\/\/magdeburg-law.com\/de\/magdeburger-recht\/wp-json\/wp\/v2\/pages"}],"about":[{"href":"https:\/\/magdeburg-law.com\/de\/magdeburger-recht\/wp-json\/wp\/v2\/types\/page"}],"author":[{"embeddable":true,"href":"https:\/\/magdeburg-law.com\/de\/magdeburger-recht\/wp-json\/wp\/v2\/users\/1"}],"replies":[{"embeddable":true,"href":"https:\/\/magdeburg-law.com\/de\/magdeburger-recht\/wp-json\/wp\/v2\/comments?post=1564"}],"version-history":[{"count":25,"href":"https:\/\/magdeburg-law.com\/de\/magdeburger-recht\/wp-json\/wp\/v2\/pages\/1564\/revisions"}],"predecessor-version":[{"id":7888,"href":"https:\/\/magdeburg-law.com\/de\/magdeburger-recht\/wp-json\/wp\/v2\/pages\/1564\/revisions\/7888"}],"wp:attachment":[{"href":"https:\/\/magdeburg-law.com\/de\/magdeburger-recht\/wp-json\/wp\/v2\/media?parent=1564"}],"curies":[{"name":"wp","href":"https:\/\/api.w.org\/{rel}","templated":true}]}}