{"id":23,"date":"2015-07-14T02:15:04","date_gmt":"2015-07-14T00:15:04","guid":{"rendered":"http:\/\/magdeburg-law.com\/de\/?page_id=23"},"modified":"2020-06-10T14:56:12","modified_gmt":"2020-06-10T12:56:12","slug":"ubersicht","status":"publish","type":"page","link":"https:\/\/magdeburg-law.com\/de\/magdeburger-recht\/","title":{"rendered":"\u00dcbersicht"},"content":{"rendered":"<p>Von der Elbe im Westen bis zum Dnjepr im Osten, von der Ostsee im Norden bis zum Schwarzen Meer im S\u00fcden: Die Ausdehnung des Netzwerks von St\u00e4dten, in denen das Magdeburger Recht Verbreitung fand, ist beachtlich. Ebenfalls eindrucksvoll ist seine zeitliche Dimension: Seit dem Ende des 12. Jahrhunderts fand es in zahlreichen St\u00e4dten Mittel- und Osteuropas Anwendung und hatte zum Teil bis ins 19. Jahrhundert Geltung.<\/p>\n<div id=\"attachment_5336\" style=\"width: 510px\" class=\"wp-caption alignright\"><a href=\"http:\/\/magdeburg-law.com\/de\/magdeburger-recht\/wp-content\/uploads\/2016\/07\/Wappenstein_Magdeburger_Sch\u00f6ffen_CC_D0A9580_b_klein_web.jpg\" rel=\"attachment wp-att-5336\"><img loading=\"lazy\" decoding=\"async\" aria-describedby=\"caption-attachment-5336\" class=\"wp-image-5336 size-full\" src=\"http:\/\/magdeburg-law.com\/de\/magdeburger-recht\/wp-content\/uploads\/2016\/07\/Wappenstein_Magdeburger_Sch\u00f6ffen_CC_D0A9580_b_klein_web.jpg\" alt=\"Wappenstein_Magdeburger_Sch\u00f6ffen_CC_D0A9580_b_klein_web\" width=\"500\" height=\"330\" srcset=\"https:\/\/magdeburg-law.com\/de\/magdeburger-recht\/wp-content\/uploads\/2016\/07\/Wappenstein_Magdeburger_Sch\u00f6ffen_CC_D0A9580_b_klein_web.jpg 500w, https:\/\/magdeburg-law.com\/de\/magdeburger-recht\/wp-content\/uploads\/2016\/07\/Wappenstein_Magdeburger_Sch\u00f6ffen_CC_D0A9580_b_klein_web-250x165.jpg 250w, https:\/\/magdeburg-law.com\/de\/magdeburger-recht\/wp-content\/uploads\/2016\/07\/Wappenstein_Magdeburger_Sch\u00f6ffen_CC_D0A9580_b_klein_web-120x79.jpg 120w\" sizes=\"auto, (max-width: 500px) 100vw, 500px\" \/><\/a><p id=\"caption-attachment-5336\" class=\"wp-caption-text\">Wappenstein der Magdeburger Sch\u00f6ffen (Detail), Kulturhistorisches Museum Magdeburg<\/p><\/div>\n<p>Der Begriff \u201eMagdeburger Recht\u201c steht einerseits f\u00fcr das mittelalterliche Recht der Stadt Magdeburg. Andererseits aber auch f\u00fcr einen Komplex von Rechten und Normen, der von \u00fcber 1000 St\u00e4dten in Mittel- und Osteuropa \u00fcbernommen wurde. Durch die rechtsberatende T\u00e4tigkeit des Magdeburger <a href=\"http:\/\/magdeburg-law.com\/de\/magdeburger-recht\/glossar\/schoeffen-und-schoeffenstuhl\/\">Sch\u00f6ffenstuhls<\/a> und durch die Anpassung des Rechts an lokale Bed\u00fcrfnisse unterlag eben dieser Komplex einer stetigen Ver\u00e4nderung.<\/p>\n<p>Die au\u00dferordentlich lange und wechselvolle Rezeptionsgeschichte sowie die Aneignung von Normen und Prinzipien, die u.\u2009a. in Verbindung mit den Bestimmungen des Sachsenspiegels stehen, machen das Magdeburger Recht zu einem wichtigen Meilenstein in der europ\u00e4ischen Rechtsgeschichte.<\/p>\n<p>Das Magdeburger Recht stand und steht auch heute vor allem f\u00fcr b\u00fcrgerliche Freiheiten und st\u00e4dtische Selbstverwaltung. Es kann somit als eine der kulturellen Grundlagen verstanden werden, die bis heute Ost und West miteinander verbinden. Dem hohen Ansehen des Magdeburger <a href=\"http:\/\/magdeburg-law.com\/de\/magdeburger-recht\/glossar\/stadtrecht\/\">Stadtrechts<\/a> wird immer wieder mit Zeichen der \u00f6ffentlichen Erinnerung Rechnung getragen. In Krakau wurde 2007 anl\u00e4sslich des 750. Jahrestages der Neugr\u00fcndung der Stadt und der Verleihung des Magdeburger Rechts im Jahr 1257 die Ausstellung \u201eKrakau als europ\u00e4ische Stadt des Magdeburger Rechts\u201c er\u00f6ffnet. Im Rathaus von Neswisch in Wei\u00dfrussland wurde erst vor wenigen Jahren eine Ausstellung zum Magdeburger Recht etabliert. Die Wanderausstellung \u201eSachsenspiegel und Magdeburger Recht \u2013 Grundlagen f\u00fcr Europa\u201c fand gro\u00dfen Zuspruch an zahlreichen Stationen, wie in Halle (Saale), Br\u00fcssel\/Bruxelles, Minsk oder Warschau\/Warszawa. In Kiew wurde bereits Anfang des 19. Jahrhunderts am Ufer des Dnjepr eine monumentale S\u00e4ule zur Erinnerung an die Bewidmung der Stadt mit Magdeburger <a href=\"http:\/\/magdeburg-law.com\/de\/magdeburger-recht\/glossar\/stadtrecht\/\">Stadtrecht<\/a> errichtet. Gerade in den letzten Jahre ist die Zahl der Denkm\u00e4ler und Jubil\u00e4umsfeierlichkeiten zum Magdeburger Recht in St\u00e4dten Ostmitteleuropas sprunghaft angestiegen.<\/p>\n<div id=\"attachment_5337\" style=\"width: 510px\" class=\"wp-caption alignright\"><a href=\"http:\/\/magdeburg-law.com\/de\/magdeburger-recht\/wp-content\/uploads\/2016\/07\/Denkmal-Kiew_web.jpg\" rel=\"attachment wp-att-5337\"><img loading=\"lazy\" decoding=\"async\" aria-describedby=\"caption-attachment-5337\" class=\"wp-image-5337 size-full\" src=\"http:\/\/magdeburg-law.com\/de\/magdeburger-recht\/wp-content\/uploads\/2016\/07\/Denkmal-Kiew_web.jpg\" alt=\"Denkmal Kiew_web\" width=\"500\" height=\"375\" srcset=\"https:\/\/magdeburg-law.com\/de\/magdeburger-recht\/wp-content\/uploads\/2016\/07\/Denkmal-Kiew_web.jpg 500w, https:\/\/magdeburg-law.com\/de\/magdeburger-recht\/wp-content\/uploads\/2016\/07\/Denkmal-Kiew_web-250x188.jpg 250w, https:\/\/magdeburg-law.com\/de\/magdeburger-recht\/wp-content\/uploads\/2016\/07\/Denkmal-Kiew_web-120x90.jpg 120w\" sizes=\"auto, (max-width: 500px) 100vw, 500px\" \/><\/a><p id=\"caption-attachment-5337\" class=\"wp-caption-text\">Denkmal f\u00fcr das Magdeburger Recht in Kiew (Foto: Nick Grapsy)<\/p><\/div>\n<p>Das Zentrum f\u00fcr Mittelalterausstellungen hat es sich zur Aufgabe gemacht, auf dieser Internetseite Informationen zum Magdeburger Recht bereitzustellen. Sie sind herzlich eingeladen, sich \u00fcber die historischen Dimensionen des Magdeburger Rechts\u00a0 sowie \u00fcber Projekte zum Thema zu informieren.<\/p>\n<p>Neben grundlegenden Informationen enth\u00e4lt die Seite eine Karte <a href=\"http:\/\/magdeburg-law.com\/de\/magdeburger-recht\/historische-staedte\/\">mit den historischen St\u00e4dten des Magdeburger Rechtes<\/a> sowie ein Glossar und einzelne St\u00e4dteportr\u00e4ts.<\/p>\n<p>Die Seite versteht sich als fortlaufendes Projekt, das kontinuierlich erweitert und aktualisiert wird. Aufgrund der gro\u00dfen F\u00fclle an St\u00e4dten und der Komplexit\u00e4t des Themas beginnen wir mit einem Grundstock an Informationen. F\u00fcr Hinweise, Erg\u00e4nzungen, Informationen \u00fcber Ihre eigene oder andere St\u00e4dte des Magdeburger Rechtes sind wir jederzeit dankbar.<\/p>\n<p>Nur in der Zusammenarbeit l\u00e4sst sich das riesige St\u00e4dtenetzwerk des Magdeburger Rechtes erfassen. Wir danken daher unseren Kooperationspartnern und Unterst\u00fctzern und hier insbesondere der S\u00e4chsischen Akademie der Wissenschaften zu Leipzig.<\/p>\n<p>&nbsp;<\/p>\n","protected":false},"excerpt":{"rendered":"Von der Elbe im Westen bis zum Dnjepr im Osten, von der Ostsee im Norden bis zum Schwarzen Meer im S\u00fcden: Die Ausdehnung des Netzwerks von St\u00e4dten, in denen das Magdeburger Recht Verbreitung fand, ist beachtlich. Ebenfalls eindrucksvoll ist seine zeitliche Dimension: Seit dem Ende des 12. Jahrhunderts fand es in zahlreichen St\u00e4dten Mittel- und&#8230; <a class=\"more\" href=\"https:\/\/magdeburg-law.com\/de\/magdeburger-recht\/\">Weiterlesen<\/a>","protected":false},"author":1,"featured_media":5337,"parent":0,"menu_order":0,"comment_status":"closed","ping_status":"closed","template":"template-frontpage.php","meta":{"footnotes":""},"class_list":["post-23","page","type-page","status-publish","has-post-thumbnail","hentry"],"_links":{"self":[{"href":"https:\/\/magdeburg-law.com\/de\/magdeburger-recht\/wp-json\/wp\/v2\/pages\/23","targetHints":{"allow":["GET"]}}],"collection":[{"href":"https:\/\/magdeburg-law.com\/de\/magdeburger-recht\/wp-json\/wp\/v2\/pages"}],"about":[{"href":"https:\/\/magdeburg-law.com\/de\/magdeburger-recht\/wp-json\/wp\/v2\/types\/page"}],"author":[{"embeddable":true,"href":"https:\/\/magdeburg-law.com\/de\/magdeburger-recht\/wp-json\/wp\/v2\/users\/1"}],"replies":[{"embeddable":true,"href":"https:\/\/magdeburg-law.com\/de\/magdeburger-recht\/wp-json\/wp\/v2\/comments?post=23"}],"version-history":[{"count":62,"href":"https:\/\/magdeburg-law.com\/de\/magdeburger-recht\/wp-json\/wp\/v2\/pages\/23\/revisions"}],"predecessor-version":[{"id":6619,"href":"https:\/\/magdeburg-law.com\/de\/magdeburger-recht\/wp-json\/wp\/v2\/pages\/23\/revisions\/6619"}],"wp:featuredmedia":[{"embeddable":true,"href":"https:\/\/magdeburg-law.com\/de\/magdeburger-recht\/wp-json\/wp\/v2\/media\/5337"}],"wp:attachment":[{"href":"https:\/\/magdeburg-law.com\/de\/magdeburger-recht\/wp-json\/wp\/v2\/media?parent=23"}],"curies":[{"name":"wp","href":"https:\/\/api.w.org\/{rel}","templated":true}]}}